{"id":1054,"date":"2017-10-11T17:02:28","date_gmt":"2017-10-11T17:02:28","guid":{"rendered":"http:\/\/hdpfurniture.monamedia.net\/contact\/"},"modified":"2023-11-14T08:00:04","modified_gmt":"2023-11-14T08:00:04","slug":"contact","status":"publish","type":"page","link":"https:\/\/hdpfurniture.monamedia.net\/vi\/contact\/","title":{"rendered":"Contact"},"content":{"rendered":"\t<section class=\"section sec_lien_he\" id=\"section_175990412\">\n\t\t<div class=\"bg section-bg fill bg-fill  bg-loaded\" >\n\n\t\t\t\n\t\t\t\n\t\t\t\n\n\t\t<\/div>\n\n\t\t\n\n\t\t<div class=\"section-content relative\">\n\t\t\t\n\t<div id=\"gap-286909141\" class=\"gap-element clearfix\" style=\"display:block; height:auto;\">\n\t\t\n<style>\n#gap-286909141 {\n  padding-top: 60px;\n}\n<\/style>\n\t<\/div>\n\t\n<div class=\"row\"  id=\"row-358762503\">\n\n\t<div id=\"col-1526038707\" class=\"col small-12 large-12\"  >\n\t\t\t\t<div class=\"col-inner\"  >\n\t\t\t\n\t\t\t\n<h1 class=\"mona_title\" style=\"text-align: center;\">CONTACT us<\/h1>\n\t\t<\/div>\n\t\t\t\t\t<\/div>\n\n\t\n\n\t<div id=\"col-994486877\" class=\"col medium-6 small-12 large-6\"  data-animate=\"fadeInRight\">\n\t\t\t\t<div class=\"col-inner\"  >\n\t\t\t\n\t\t\t\n<p><strong>Office Address: <\/strong> 1073\/23 C\u00e1ch M\u1ea1ng Th\u00e1ng 8, P.7, Q.T\u00e2n B\u00ecnh, TP.HCM.<\/p>\n<p><strong>Factory Address:<\/strong> 1073\/23 C\u00e1ch M\u1ea1ng Th\u00e1ng 8, P.7, Q.T\u00e2n B\u00ecnh, TP.HCM<\/p>\n<p><strong>Phone: <\/strong><a href=\"tel: 0313728397\">0313728397<\/a> | <a href=\"tel:0313728397\">0313728397<\/a><\/p>\n<p><strong>Email:<\/strong><a href=\"mailto: info@themona.global\"> info@themona.global<\/a> | <a href=\"mailto:info@themona.global\">info@themona.global<\/a><\/p>\n\n<div class=\"wpcf7 no-js\" id=\"wpcf7-f43-o1\" lang=\"vi\" dir=\"ltr\">\n<div class=\"screen-reader-response\"><p role=\"status\" aria-live=\"polite\" aria-atomic=\"true\"><\/p> <ul><\/ul><\/div>\n<form action=\"\/vi\/wp-json\/wp\/v2\/pages\/1054#wpcf7-f43-o1\" method=\"post\" class=\"wpcf7-form init\" aria-label=\"Contact form\" novalidate=\"novalidate\" data-status=\"init\">\n<div style=\"display: none;\">\n<input type=\"hidden\" name=\"_wpcf7\" value=\"43\" \/>\n<input type=\"hidden\" name=\"_wpcf7_version\" value=\"5.7.7\" \/>\n<input type=\"hidden\" name=\"_wpcf7_locale\" value=\"vi\" \/>\n<input type=\"hidden\" name=\"_wpcf7_unit_tag\" value=\"wpcf7-f43-o1\" \/>\n<input type=\"hidden\" name=\"_wpcf7_container_post\" value=\"0\" \/>\n<input type=\"hidden\" name=\"_wpcf7_posted_data_hash\" value=\"\" \/>\n<\/div>\n<div class=\"form-ct clear\">\n\t<div class=\"form-row w50\">\n\t\t<p><span class=\"wpcf7-form-control-wrap\" data-name=\"text-name\"><input size=\"40\" class=\"wpcf7-form-control wpcf7-text wpcf7-validates-as-required form_lien_he_w50\" id=\"text-name\" aria-required=\"true\" aria-invalid=\"false\" placeholder=\"H\u1ecd v\u00e0 t\u00ean\" value=\"\" type=\"text\" name=\"text-name\" \/><\/span>\n\t\t<\/p>\n\t<\/div>\n\t<div class=\"form-row w50\">\n\t\t<p><span class=\"wpcf7-form-control-wrap\" data-name=\"email-contact\"><input size=\"40\" class=\"wpcf7-form-control wpcf7-text wpcf7-email wpcf7-validates-as-required wpcf7-validates-as-email form_lien_he_w50\" id=\"email-contact\" aria-required=\"true\" aria-invalid=\"false\" placeholder=\"Email\" value=\"\" type=\"email\" name=\"email-contact\" \/><\/span>\n\t\t<\/p>\n\t<\/div>\n\t<div class=\"form-row w50\">\n\t\t<p><span class=\"wpcf7-form-control-wrap\" data-name=\"tel-contact\"><input size=\"40\" class=\"wpcf7-form-control wpcf7-text wpcf7-tel wpcf7-validates-as-required wpcf7-validates-as-tel form_lien_he_w50\" id=\"tel-contact\" aria-required=\"true\" aria-invalid=\"false\" placeholder=\"S\u1ed1 \u0111i\u1ec7n tho\u1ea1i\" value=\"\" type=\"tel\" name=\"tel-contact\" \/><\/span>\n\t\t<\/p>\n\t<\/div>\n\t<div class=\"form-row w50\">\n\t\t<p><span class=\"wpcf7-form-control-wrap\" data-name=\"number-soluong\"><input class=\"wpcf7-form-control wpcf7-number wpcf7-validates-as-required wpcf7-validates-as-number form_lien_he_w50\" id=\"number-soluong\" min=\"1\" aria-required=\"true\" aria-invalid=\"false\" placeholder=\"S\u1ed1 l\u01b0\u1ee3ng\" value=\"\" type=\"number\" name=\"number-soluong\" \/><\/span>\n\t\t<\/p>\n\t<\/div>\n\t<div class=\"form-row\">\n\t\t<p><span class=\"wpcf7-form-control-wrap\" data-name=\"textarea-noidung\"><textarea cols=\"40\" rows=\"10\" class=\"wpcf7-form-control wpcf7-textarea wpcf7-validates-as-required form_lien_he\" id=\"textarea-noidung\" aria-required=\"true\" aria-invalid=\"false\" placeholder=\"L\u1eddi nh\u1eafn\" name=\"textarea-noidung\"><\/textarea><\/span>\n\t\t<\/p>\n\t<\/div>\n\t<div class=\"form-row center-txt\">\n\t\t<p><input class=\"wpcf7-form-control has-spinner wpcf7-submit form_lien_he\" id=\"bt-gui\" type=\"submit\" value=\"G\u1eedi\" \/>\n\t\t<\/p>\n\t<\/div>\n<\/div><div class=\"wpcf7-response-output\" aria-hidden=\"true\"><\/div>\n<\/form>\n<\/div>\n\n\t\t<\/div>\n\t\t\t\t\t<\/div>\n\n\t\n\n\t<div id=\"col-910799610\" class=\"col medium-6 small-12 large-6\"  data-animate=\"fadeInLeft\">\n\t\t\t\t<div class=\"col-inner text-center\"  >\n\t\t\t\n\t\t\t\n<p><iframe src=\"https:\/\/www.google.com\/maps\/embed?pb=!1m18!1m12!1m3!1d3919.266300233645!2d106.6535945757522!3d10.790904558925073!2m3!1f0!2f0!3f0!3m2!1i1024!2i768!4f13.1!3m3!1m2!1s0x31752ff1a24e9c9b%3A0xa398430e999c86b8!2sMona%20Software%20-%20C%C3%B4ng%20ty%20TNHH%20Ph%E1%BA%A7n%20M%E1%BB%81m%20Mona!5e0!3m2!1sen!2s!4v1699946723941!5m2!1sen!2s\" width=\"100%\" height=\"550\" style=\"border:0;\" allowfullscreen=\"\" loading=\"lazy\" referrerpolicy=\"no-referrer-when-downgrade\"><\/iframe><\/p>\n\t\t<\/div>\n\t\t\t\t\t<\/div>\n\n\t\n<\/div>\n\t\t<\/div>\n\n\t\t\n<style>\n#section_175990412 {\n  padding-top: 0px;\n  padding-bottom: 0px;\n}\n#section_175990412 .ux-shape-divider--top svg {\n  height: 150px;\n  --divider-top-width: 100%;\n}\n#section_175990412 .ux-shape-divider--bottom svg {\n  height: 150px;\n  --divider-width: 100%;\n}\n<\/style>\n\t<\/section>\n\t\n","protected":false},"excerpt":{"rendered":"","protected":false},"author":2,"featured_media":0,"parent":0,"menu_order":0,"comment_status":"closed","ping_status":"closed","template":"page-blank.php","meta":{"inline_featured_image":false},"yoast_head":"<!-- This site is optimized with the Yoast SEO plugin v20.9 - https:\/\/yoast.com\/wordpress\/plugins\/seo\/ -->\n<title>Contact - Mona - B\u00e1n n\u1ed9i th\u1ea5t<\/title>\n<meta name=\"robots\" content=\"index, follow, max-snippet:-1, max-image-preview:large, max-video-preview:-1\" \/>\n<link rel=\"canonical\" href=\"http:\/\/hdpfurniture.monamedia.net\/vi\/contact\/\" \/>\n<meta property=\"og:locale\" content=\"vi_VN\" \/>\n<meta property=\"og:type\" content=\"article\" \/>\n<meta property=\"og:title\" content=\"Contact - Mona - B\u00e1n n\u1ed9i th\u1ea5t\" \/>\n<meta property=\"og:url\" content=\"http:\/\/hdpfurniture.monamedia.net\/vi\/contact\/\" \/>\n<meta property=\"og:site_name\" content=\"Mona - B\u00e1n n\u1ed9i th\u1ea5t\" \/>\n<meta property=\"article:modified_time\" content=\"2023-11-14T08:00:04+00:00\" \/>\n<meta name=\"twitter:card\" content=\"summary_large_image\" \/>\n<script type=\"application\/ld+json\" class=\"yoast-schema-graph\">{\"@context\":\"https:\/\/schema.org\",\"@graph\":[{\"@type\":\"WebPage\",\"@id\":\"http:\/\/hdpfurniture.monamedia.net\/vi\/contact\/\",\"url\":\"http:\/\/hdpfurniture.monamedia.net\/vi\/contact\/\",\"name\":\"Contact - Mona - B\u00e1n n\u1ed9i th\u1ea5t\",\"isPartOf\":{\"@id\":\"http:\/\/hdpfurniture.monamedia.net\/#website\"},\"datePublished\":\"2017-10-11T17:02:28+00:00\",\"dateModified\":\"2023-11-14T08:00:04+00:00\",\"breadcrumb\":{\"@id\":\"http:\/\/hdpfurniture.monamedia.net\/vi\/contact\/#breadcrumb\"},\"inLanguage\":\"vi-VN\",\"potentialAction\":[{\"@type\":\"ReadAction\",\"target\":[\"http:\/\/hdpfurniture.monamedia.net\/vi\/contact\/\"]}]},{\"@type\":\"BreadcrumbList\",\"@id\":\"http:\/\/hdpfurniture.monamedia.net\/vi\/contact\/#breadcrumb\",\"itemListElement\":[{\"@type\":\"ListItem\",\"position\":1,\"name\":\"Trang ch\u1ee7\",\"item\":\"http:\/\/hdpfurniture.monamedia.net\/vi\/\"},{\"@type\":\"ListItem\",\"position\":2,\"name\":\"Contact\"}]},{\"@type\":\"WebSite\",\"@id\":\"http:\/\/hdpfurniture.monamedia.net\/#website\",\"url\":\"http:\/\/hdpfurniture.monamedia.net\/\",\"name\":\"Mona - B\u00e1n n\u1ed9i th\u1ea5t\",\"description\":\"M\u1ed9t trang web m\u1edbi s\u1eed d\u1ee5ng WordPress\",\"potentialAction\":[{\"@type\":\"SearchAction\",\"target\":{\"@type\":\"EntryPoint\",\"urlTemplate\":\"http:\/\/hdpfurniture.monamedia.net\/?s={search_term_string}\"},\"query-input\":\"required name=search_term_string\"}],\"inLanguage\":\"vi-VN\"}]}<\/script>\n<!-- \/ Yoast SEO plugin. -->","yoast_head_json":{"title":"Contact - Mona - B\u00e1n n\u1ed9i th\u1ea5t","robots":{"index":"index","follow":"follow","max-snippet":"max-snippet:-1","max-image-preview":"max-image-preview:large","max-video-preview":"max-video-preview:-1"},"canonical":"http:\/\/hdpfurniture.monamedia.net\/vi\/contact\/","og_locale":"vi_VN","og_type":"article","og_title":"Contact - Mona - B\u00e1n n\u1ed9i th\u1ea5t","og_url":"http:\/\/hdpfurniture.monamedia.net\/vi\/contact\/","og_site_name":"Mona - B\u00e1n n\u1ed9i th\u1ea5t","article_modified_time":"2023-11-14T08:00:04+00:00","twitter_card":"summary_large_image","schema":{"@context":"https:\/\/schema.org","@graph":[{"@type":"WebPage","@id":"http:\/\/hdpfurniture.monamedia.net\/vi\/contact\/","url":"http:\/\/hdpfurniture.monamedia.net\/vi\/contact\/","name":"Contact - Mona - B\u00e1n n\u1ed9i th\u1ea5t","isPartOf":{"@id":"http:\/\/hdpfurniture.monamedia.net\/#website"},"datePublished":"2017-10-11T17:02:28+00:00","dateModified":"2023-11-14T08:00:04+00:00","breadcrumb":{"@id":"http:\/\/hdpfurniture.monamedia.net\/vi\/contact\/#breadcrumb"},"inLanguage":"vi-VN","potentialAction":[{"@type":"ReadAction","target":["http:\/\/hdpfurniture.monamedia.net\/vi\/contact\/"]}]},{"@type":"BreadcrumbList","@id":"http:\/\/hdpfurniture.monamedia.net\/vi\/contact\/#breadcrumb","itemListElement":[{"@type":"ListItem","position":1,"name":"Trang ch\u1ee7","item":"http:\/\/hdpfurniture.monamedia.net\/vi\/"},{"@type":"ListItem","position":2,"name":"Contact"}]},{"@type":"WebSite","@id":"http:\/\/hdpfurniture.monamedia.net\/#website","url":"http:\/\/hdpfurniture.monamedia.net\/","name":"Mona - B\u00e1n n\u1ed9i th\u1ea5t","description":"M\u1ed9t trang web m\u1edbi s\u1eed d\u1ee5ng WordPress","potentialAction":[{"@type":"SearchAction","target":{"@type":"EntryPoint","urlTemplate":"http:\/\/hdpfurniture.monamedia.net\/?s={search_term_string}"},"query-input":"required name=search_term_string"}],"inLanguage":"vi-VN"}]}},"_links":{"self":[{"href":"https:\/\/hdpfurniture.monamedia.net\/vi\/wp-json\/wp\/v2\/pages\/1054"}],"collection":[{"href":"https:\/\/hdpfurniture.monamedia.net\/vi\/wp-json\/wp\/v2\/pages"}],"about":[{"href":"https:\/\/hdpfurniture.monamedia.net\/vi\/wp-json\/wp\/v2\/types\/page"}],"author":[{"embeddable":true,"href":"https:\/\/hdpfurniture.monamedia.net\/vi\/wp-json\/wp\/v2\/users\/2"}],"replies":[{"embeddable":true,"href":"https:\/\/hdpfurniture.monamedia.net\/vi\/wp-json\/wp\/v2\/comments?post=1054"}],"version-history":[{"count":5,"href":"https:\/\/hdpfurniture.monamedia.net\/vi\/wp-json\/wp\/v2\/pages\/1054\/revisions"}],"predecessor-version":[{"id":1505,"href":"https:\/\/hdpfurniture.monamedia.net\/vi\/wp-json\/wp\/v2\/pages\/1054\/revisions\/1505"}],"wp:attachment":[{"href":"https:\/\/hdpfurniture.monamedia.net\/vi\/wp-json\/wp\/v2\/media?parent=1054"}],"curies":[{"name":"wp","href":"https:\/\/api.w.org\/{rel}","templated":true}]}}